{"id":499,"date":"2025-01-23T17:42:53","date_gmt":"2025-01-23T16:42:53","guid":{"rendered":"https:\/\/www.institutvilato.com\/tratamientos\/"},"modified":"2025-02-20T21:44:21","modified_gmt":"2025-02-20T20:44:21","slug":"tratamientos","status":"publish","type":"page","link":"https:\/\/www.institutvilato.com\/es\/tratamientos\/","title":{"rendered":"Tratamientos"},"content":{"rendered":"<p>[et_pb_section fb_built=\u00bb1&#8243; admin_label=\u00bbHeader\u00bb _builder_version=\u00bb4.16&#8243; _module_preset=\u00bbdefault\u00bb background_image=\u00bbhttps:\/\/institutvilato.com\/wp-content\/uploads\/2025\/01\/womenshealthcenter-30-1.png\u00bb background_size=\u00bbinitial\u00bb custom_margin=\u00bb||||false|false\u00bb custom_padding=\u00bb8vw||0px||false|false\u00bb locked=\u00bboff\u00bb global_colors_info=\u00bb{}\u00bb][et_pb_row custom_padding_last_edited=\u00bbon|phone\u00bb _builder_version=\u00bb4.16&#8243; _module_preset=\u00bbdefault\u00bb background_color=\u00bb#ffffff\u00bb use_background_color_gradient=\u00bbon\u00bb background_color_gradient_stops=\u00bb#ffffff 0%|rgba(255,255,255,0.44) 100%\u00bb background_color_gradient_overlays_image=\u00bbon\u00bb background_color_gradient_start=\u00bb#ffffff\u00bb background_color_gradient_end=\u00bbrgba(255,255,255,0.44)\u00bb background_image=\u00bbhttps:\/\/institutvilato.com\/wp-content\/uploads\/2025\/01\/women-health-center-illustration-05.png\u00bb background_size=\u00bbcontain\u00bb background_position=\u00bbbottom_right\u00bb custom_margin=\u00bb||||false|false\u00bb custom_margin_tablet=\u00bb\u00bb custom_margin_phone=\u00bb\u00bb custom_margin_last_edited=\u00bbon|tablet\u00bb custom_padding=\u00bb10%|60px|10%|60px|true|true\u00bb custom_padding_tablet=\u00bb|30px||30px|true|true\u00bb custom_padding_phone=\u00bb|20px||20px|false|true\u00bb background_size_tablet=\u00bbinitial\u00bb locked=\u00bboff\u00bb global_colors_info=\u00bb{}\u00bb][et_pb_column type=\u00bb4_4&#8243; _builder_version=\u00bb4.16&#8243; _module_preset=\u00bbdefault\u00bb global_colors_info=\u00bb{}\u00bb][et_pb_text _builder_version=\u00bb4.27.4&#8243; _module_preset=\u00bbdefault\u00bb header_2_font=\u00bb&#8211;et_global_heading_font|700|||||||\u00bb header_2_font_size=\u00bb20px\u00bb locked=\u00bboff\u00bb global_colors_info=\u00bb{}\u00bb]<\/p>\n<h2>Nuestros tratamientos<\/h2>\n<p>[\/et_pb_text][et_pb_divider color=\u00bb#F1BABF\u00bb _builder_version=\u00bb4.16&#8243; _module_preset=\u00bbdefault\u00bb width=\u00bb100px\u00bb module_alignment=\u00bbcenter\u00bb custom_margin=\u00bb||||false|false\u00bb locked=\u00bboff\u00bb global_colors_info=\u00bb{}\u00bb][\/et_pb_divider][et_pb_text _builder_version=\u00bb4.27.4&#8243; _module_preset=\u00bbdefault\u00bb header_font=\u00bb&#8211;et_global_heading_font|200|||||||\u00bb header_line_height=\u00bb1.3em\u00bb max_width=\u00bb800px\u00bb module_alignment=\u00bbcenter\u00bb hover_enabled=\u00bb0&#8243; locked=\u00bboff\u00bb global_colors_info=\u00bb{}\u00bb sticky_enabled=\u00bb0&#8243;]<\/p>\n<h1>Cuidamos de ti<\/h1>\n<p>[\/et_pb_text][et_pb_text _builder_version=\u00bb4.27.4&#8243; _module_preset=\u00bbdefault\u00bb text_font=\u00bb&#8211;et_global_body_font|300|||||||\u00bb text_font_size=\u00bb22px\u00bb text_line_height=\u00bb1.5em\u00bb max_width=\u00bb600px\u00bb module_alignment=\u00bbcenter\u00bb text_font_size_tablet=\u00bb18px\u00bb text_font_size_phone=\u00bb14px\u00bb text_font_size_last_edited=\u00bbon|phone\u00bb locked=\u00bboff\u00bb global_colors_info=\u00bb{}\u00bb]En el Institut Vilat\u00f3, nuestros tratamientos se fundamentan en un enfoque hol\u00edstico que combina la ozonoterapia con medios integrativos y nutricionales, para asegurarte una experiencia \u00fanica que promueve tu salud f\u00edsica y emocional en un ambiente c\u00e1lido y acogedor.[\/et_pb_text][et_pb_button button_url=\u00bb@ET-DC@eyJkeW5hbWljIjp0cnVlLCJjb250ZW50IjoicG9zdF9saW5rX3VybF9wYWdlIiwic2V0dGluZ3MiOnsicG9zdF9pZCI6IjU4IiwiZW5hYmxlX2h0bWwiOiJvZmYifX0=@\u00bb button_text=\u00bbPide cita\u00bb button_alignment=\u00bbcenter\u00bb _builder_version=\u00bb4.27.4&#8243; _dynamic_attributes=\u00bbbutton_url\u00bb _module_preset=\u00bbdefault\u00bb button_font=\u00bbABeeZee|700||on|||||\u00bb locked=\u00bboff\u00bb global_colors_info=\u00bb{}\u00bb][\/et_pb_button][\/et_pb_column][\/et_pb_row][\/et_pb_section][et_pb_section fb_built=\u00bb1&#8243; admin_label=\u00bbServices\u00bb module_id=\u00bbtratamientos\u00bb _builder_version=\u00bb4.27.4&#8243; _module_preset=\u00bbdefault\u00bb background_color=\u00bb#FFFFFF\u00bb custom_margin=\u00bb||0px||false|false\u00bb custom_padding=\u00bb0px||0px|||\u00bb bottom_divider_color=\u00bb#F4F7FA\u00bb bottom_divider_height=\u00bb125px\u00bb bottom_divider_repeat=\u00bb2x\u00bb global_module=\u00bb381&#8243; locked=\u00bboff\u00bb global_colors_info=\u00bb{}\u00bb][et_pb_row column_structure=\u00bb2_3,1_3&#8243; use_custom_gutter=\u00bbon\u00bb gutter_width=\u00bb1&#8243; make_equal=\u00bbon\u00bb _builder_version=\u00bb4.16&#8243; _module_preset=\u00bbdefault\u00bb custom_margin=\u00bb||||false|false\u00bb custom_margin_last_edited=\u00bboff|desktop\u00bb custom_padding=\u00bb0px||0px||false|false\u00bb global_colors_info=\u00bb{}\u00bb][et_pb_column type=\u00bb2_3&#8243; _builder_version=\u00bb4.16&#8243; _module_preset=\u00bbdefault\u00bb custom_padding=\u00bb60px||60px||true|false\u00bb custom_padding_tablet=\u00bb0px||0px||false|false\u00bb custom_padding_phone=\u00bb\u00bb custom_padding_last_edited=\u00bbon|desktop\u00bb global_colors_info=\u00bb{}\u00bb][et_pb_text _builder_version=\u00bb4.27.4&#8243; _module_preset=\u00bbdefault\u00bb text_font=\u00bb&#8211;et_global_body_font|300|||||||\u00bb text_line_height=\u00bb1.8em\u00bb max_width=\u00bb550px\u00bb locked=\u00bboff\u00bb global_colors_info=\u00bb{}\u00bb]<\/p>\n<h2>Tratamientos<\/h2>\n<p>[\/et_pb_text][et_pb_text _builder_version=\u00bb4.27.4&#8243; _module_preset=\u00bbdefault\u00bb text_font=\u00bb&#8211;et_global_body_font|300|||||||\u00bb text_line_height=\u00bb1.8em\u00bb max_width=\u00bb550px\u00bb locked=\u00bboff\u00bb global_colors_info=\u00bb{}\u00bb]<\/p>\n<p>En el Institut Vilat\u00f3 te invitamos a descubrir una amplia gama de tratamientos dise\u00f1ados para satisfacer tus necesidades de salud y bienestar. Con una especializaci\u00f3n en ozonoterapia, nuestros servicios incluyen tambi\u00e9n medicina integrativa y nutrici\u00f3n, todo ello con un enfoque personalizado y adaptado a cada paciente. D\u00e9janos acompa\u00f1arte en tu camino hacia una vida m\u00e1s saludable y llena.<\/p>\n<p>[\/et_pb_text][\/et_pb_column][et_pb_column type=\u00bb1_3&#8243; _builder_version=\u00bb4.16&#8243; _module_preset=\u00bbdefault\u00bb background_color=\u00bb#f4f7fa\u00bb custom_padding=\u00bb40px|40px|40px|40px|true|true\u00bb border_width_all=\u00bb1px\u00bb border_color_all=\u00bb#ffffff\u00bb global_colors_info=\u00bb{}\u00bb][et_pb_blurb title=\u00bbOzonoterapia\u00bb image=\u00bbhttps:\/\/institutvilato.com\/wp-content\/uploads\/2025\/02\/ozonoterapia-300&#215;200.jpg\u00bb image_icon_width=\u00bb250px\u00bb icon_alignment=\u00bbleft\u00bb content_max_width=\u00bb100%\u00bb _builder_version=\u00bb4.27.4&#8243; _dynamic_attributes=\u00bblink_option_url\u00bb _module_preset=\u00bbdefault\u00bb header_font=\u00bb&#8211;et_global_heading_font|700|||||||\u00bb header_font_size=\u00bb20px\u00bb body_font=\u00bb&#8211;et_global_body_font|300|||||||\u00bb link_option_url=\u00bb@ET-DC@eyJkeW5hbWljIjp0cnVlLCJjb250ZW50IjoicG9zdF9saW5rX3VybF90cmFjdGFtZW50cyIsInNldHRpbmdzIjp7InBvc3RfaWQiOiI4MSIsImVuYWJsZV9odG1sIjoib2ZmIn19@\u00bb border_radii_image=\u00bbon|12px|12px|12px|12px\u00bb image_max_width=\u00bb72px\u00bb locked=\u00bboff\u00bb global_colors_info=\u00bb{}\u00bb]La ozonoterapia es un innovador tratamiento terap\u00e9utico que utiliza las propiedades del ozono para mejorar la salud y el bienestar, promoviendo la regeneraci\u00f3n celular y reforzando el sistema inmunitario para afrontar una amplia gama de afecciones.[\/et_pb_blurb][et_pb_button button_url=\u00bb@ET-DC@eyJkeW5hbWljIjp0cnVlLCJjb250ZW50IjoicG9zdF9saW5rX3VybF90cmFjdGFtZW50cyIsInNldHRpbmdzIjp7InBvc3RfaWQiOiI4MSIsImVuYWJsZV9odG1sIjoib2ZmIn19@\u00bb button_text=\u00bbSaber m\u00e1s\u00bb _builder_version=\u00bb4.27.4&#8243; _dynamic_attributes=\u00bbbutton_url\u00bb _module_preset=\u00bbdefault\u00bb button_text_size=\u00bb13px\u00bb button_text_color=\u00bb#623bea\u00bb button_bg_color=\u00bbrgba(0,0,0,0)\u00bb button_letter_spacing=\u00bb1px\u00bb button_font=\u00bbABeeZee|700||on|||||\u00bb custom_margin=\u00bb10px||||false|false\u00bb custom_padding=\u00bb|0px||0px|false|true\u00bb locked=\u00bboff\u00bb global_colors_info=\u00bb{}\u00bb][\/et_pb_button][\/et_pb_column][\/et_pb_row][et_pb_row column_structure=\u00bb1_3,1_3,1_3&#8243; use_custom_gutter=\u00bbon\u00bb gutter_width=\u00bb1&#8243; make_equal=\u00bbon\u00bb _builder_version=\u00bb4.27.4&#8243; _module_preset=\u00bbdefault\u00bb custom_margin=\u00bb|auto|1px|auto|false|false\u00bb custom_padding=\u00bb0px||0px||false|false\u00bb global_colors_info=\u00bb{}\u00bb][et_pb_column type=\u00bb1_3&#8243; _builder_version=\u00bb4.16&#8243; _module_preset=\u00bbdefault\u00bb background_color=\u00bb#f2f8f5&#8243; custom_padding=\u00bb40px|40px|40px|40px|false|true\u00bb border_width_all=\u00bb1px\u00bb border_color_all=\u00bb#ffffff\u00bb global_colors_info=\u00bb{}\u00bb][et_pb_blurb title=\u00bbMedicina familiar\u00bb image=\u00bbhttps:\/\/institutvilato.com\/wp-content\/uploads\/2025\/02\/medicina-de-familia.jpg\u00bb alt=\u00bbEn el Institut Vilat\u00f3 ofrecemos una medicina de familia cercana e integral, combinando los conocimientos m\u00e9dicos m\u00e1s avanzados con terapias innovadoras. Apostamos por la prevenci\u00f3n y atenci\u00f3n personalizada para mejorar la calidad de vida de nuestros pacientes.\u00bb image_icon_width=\u00bb250px\u00bb icon_alignment=\u00bbleft\u00bb content_max_width=\u00bb100%\u00bb _builder_version=\u00bb4.27.4&#8243; _dynamic_attributes=\u00bblink_option_url\u00bb _module_preset=\u00bbdefault\u00bb header_font=\u00bb&#8211;et_global_heading_font|700|||||||\u00bb header_font_size=\u00bb20px\u00bb body_font=\u00bb&#8211;et_global_body_font|300|||||||\u00bb link_option_url=\u00bb@ET-DC@eyJkeW5hbWljIjp0cnVlLCJjb250ZW50IjoicG9zdF9saW5rX3VybF90cmFjdGFtZW50cyIsInNldHRpbmdzIjp7InBvc3RfaWQiOiIyNjYiLCJlbmFibGVfaHRtbCI6Im9mZiJ9fQ==@\u00bb border_radii_image=\u00bbon|12px|12px|12px|12px\u00bb image_max_width=\u00bb72px\u00bb locked=\u00bboff\u00bb global_colors_info=\u00bb{}\u00bb]La medicina familiar es el enfoque integral que proporciona cuidados personalizados y continuados, centr\u00e1ndose en la promoci\u00f3n de la salud, la prevenci\u00f3n de enfermedades y el tratamiento de toda la familia a lo largo de las diferentes etapas de la vida.[\/et_pb_blurb][et_pb_button button_url=\u00bb@ET-DC@eyJkeW5hbWljIjp0cnVlLCJjb250ZW50IjoicG9zdF9saW5rX3VybF90cmFjdGFtZW50cyIsInNldHRpbmdzIjp7InBvc3RfaWQiOiIyNjYiLCJlbmFibGVfaHRtbCI6Im9mZiJ9fQ==@\u00bb button_text=\u00bbSaber m\u00e1s\u00bb _builder_version=\u00bb4.27.4&#8243; _dynamic_attributes=\u00bbbutton_url\u00bb _module_preset=\u00bbdefault\u00bb button_text_size=\u00bb13px\u00bb button_text_color=\u00bb#623bea\u00bb button_bg_color=\u00bbrgba(0,0,0,0)\u00bb button_letter_spacing=\u00bb1px\u00bb button_font=\u00bbABeeZee|700||on|||||\u00bb custom_margin=\u00bb10px||||false|false\u00bb custom_padding=\u00bb|0px||0px|false|true\u00bb global_colors_info=\u00bb{}\u00bb][\/et_pb_button][\/et_pb_column][et_pb_column type=\u00bb1_3&#8243; _builder_version=\u00bb4.27.4&#8243; _module_preset=\u00bbdefault\u00bb background_color=\u00bb#fce7ec\u00bb custom_padding=\u00bb40px|40px|40px|40px|true|true\u00bb border_width_all=\u00bb1px\u00bb border_color_all=\u00bb#ffffff\u00bb global_colors_info=\u00bb{}\u00bb][et_pb_blurb title=\u00bbPsicolog\u00eda\u00bb image=\u00bbhttps:\/\/institutvilato.com\/wp-content\/uploads\/2025\/02\/psicologia.jpg\u00bb image_icon_width=\u00bb250px\u00bb icon_alignment=\u00bbleft\u00bb content_max_width=\u00bb100%\u00bb _builder_version=\u00bb4.27.4&#8243; _dynamic_attributes=\u00bblink_option_url\u00bb _module_preset=\u00bbdefault\u00bb header_font=\u00bb&#8211;et_global_heading_font|700|||||||\u00bb header_font_size=\u00bb20px\u00bb body_font=\u00bb&#8211;et_global_body_font|300|||||||\u00bb link_option_url=\u00bb@ET-DC@eyJkeW5hbWljIjp0cnVlLCJjb250ZW50IjoicG9zdF9saW5rX3VybF90cmFjdGFtZW50cyIsInNldHRpbmdzIjp7InBvc3RfaWQiOiIyNzEiLCJlbmFibGVfaHRtbCI6Im9mZiJ9fQ==@\u00bb border_radii_image=\u00bbon|12px|12px|12px|12px\u00bb image_max_width=\u00bb72px\u00bb locked=\u00bboff\u00bb global_colors_info=\u00bb{}\u00bb]La psicolog\u00eda es la ciencia que explora la mente humana y sus emociones, ayud\u00e1ndonos a comprender nuestras experiencias ya gestionar las relaciones con nosotros mismos y con los dem\u00e1s.[\/et_pb_blurb][et_pb_button button_text=\u00bbSaber m\u00e1s\u00bb _builder_version=\u00bb4.27.4&#8243; _module_preset=\u00bbdefault\u00bb button_text_size=\u00bb13px\u00bb button_text_color=\u00bb#623bea\u00bb button_bg_color=\u00bbrgba(0,0,0,0)\u00bb button_letter_spacing=\u00bb1px\u00bb button_font=\u00bbABeeZee|700||on|||||\u00bb custom_margin=\u00bb10px||||false|false\u00bb custom_padding=\u00bb|0px||0px|false|true\u00bb locked=\u00bboff\u00bb global_colors_info=\u00bb{}\u00bb][\/et_pb_button][\/et_pb_column][et_pb_column type=\u00bb1_3&#8243; _builder_version=\u00bb4.27.4&#8243; _module_preset=\u00bbdefault\u00bb background_color=\u00bb#fff2e2&#8243; custom_padding=\u00bb40px|40px|40px|40px|true|true\u00bb border_width_all=\u00bb1px\u00bb border_color_all=\u00bb#ffffff\u00bb global_colors_info=\u00bb{}\u00bb][et_pb_blurb title=\u00bbNutrici\u00f3n\u00bb image=\u00bbhttps:\/\/institutvilato.com\/wp-content\/uploads\/2025\/02\/nutricio-1.jpg\u00bb image_icon_width=\u00bb250px\u00bb icon_alignment=\u00bbleft\u00bb content_max_width=\u00bb100%\u00bb _builder_version=\u00bb4.27.4&#8243; _dynamic_attributes=\u00bblink_option_url\u00bb _module_preset=\u00bbdefault\u00bb header_font=\u00bb&#8211;et_global_heading_font|700|||||||\u00bb header_font_size=\u00bb20px\u00bb body_font=\u00bb&#8211;et_global_body_font|300|||||||\u00bb link_option_url=\u00bb@ET-DC@eyJkeW5hbWljIjp0cnVlLCJjb250ZW50IjoicG9zdF9saW5rX3VybF90cmFjdGFtZW50cyIsInNldHRpbmdzIjp7InBvc3RfaWQiOiIzMTEiLCJlbmFibGVfaHRtbCI6Im9mZiJ9fQ==@\u00bb border_radii_image=\u00bbon|12px|12px|12px|12px\u00bb image_max_width=\u00bb72px\u00bb locked=\u00bboff\u00bb global_colors_info=\u00bb{}\u00bb]<\/p>\n<p>La nutrici\u00f3n es el arte de alimentar el cuerpo con los nutrientes adecuados para potenciar la salud, la energ\u00eda y el bienestar, creando un equilibrio que nutre tanto al f\u00edsico como al emocional.<\/p>\n<p>[\/et_pb_blurb][et_pb_button button_url=\u00bb@ET-DC@eyJkeW5hbWljIjp0cnVlLCJjb250ZW50IjoicG9zdF9saW5rX3VybF90cmFjdGFtZW50cyIsInNldHRpbmdzIjp7InBvc3RfaWQiOiIzMTEiLCJlbmFibGVfaHRtbCI6Im9mZiJ9fQ==@\u00bb button_text=\u00bbSaber m\u00e1s\u00bb _builder_version=\u00bb4.27.4&#8243; _dynamic_attributes=\u00bbbutton_url\u00bb _module_preset=\u00bbdefault\u00bb button_text_size=\u00bb13px\u00bb button_text_color=\u00bb#623bea\u00bb button_bg_color=\u00bbrgba(0,0,0,0)\u00bb button_letter_spacing=\u00bb1px\u00bb button_font=\u00bbABeeZee|700||on|||||\u00bb custom_margin=\u00bb10px||||false|false\u00bb custom_padding=\u00bb|0px||0px|false|true\u00bb locked=\u00bboff\u00bb global_colors_info=\u00bb{}\u00bb][\/et_pb_button][\/et_pb_column][\/et_pb_row][\/et_pb_section]<\/p>\n","protected":false},"excerpt":{"rendered":"<p>Nuestros tratamientosCuidamos de tiEn el Institut Vilat\u00f3, nuestros tratamientos se fundamentan en un enfoque hol\u00edstico que combina la ozonoterapia con medios integrativos y nutricionales, para asegurarte una experiencia \u00fanica que promueve tu salud f\u00edsica y emocional en un ambiente c\u00e1lido y acogedor.TratamientosEn el Institut Vilat\u00f3 te invitamos a descubrir una amplia gama de tratamientos dise\u00f1ados [&hellip;]<\/p>\n","protected":false},"author":1,"featured_media":0,"parent":0,"menu_order":0,"comment_status":"closed","ping_status":"closed","template":"","meta":{"_acf_changed":false,"_et_pb_use_builder":"on","_et_pb_old_content":"","_et_gb_content_width":"","footnotes":""},"dipi_cpt_category":[],"class_list":["post-499","page","type-page","status-publish","hentry"],"acf":[],"_links":{"self":[{"href":"https:\/\/www.institutvilato.com\/es\/wp-json\/wp\/v2\/pages\/499","targetHints":{"allow":["GET"]}}],"collection":[{"href":"https:\/\/www.institutvilato.com\/es\/wp-json\/wp\/v2\/pages"}],"about":[{"href":"https:\/\/www.institutvilato.com\/es\/wp-json\/wp\/v2\/types\/page"}],"author":[{"embeddable":true,"href":"https:\/\/www.institutvilato.com\/es\/wp-json\/wp\/v2\/users\/1"}],"replies":[{"embeddable":true,"href":"https:\/\/www.institutvilato.com\/es\/wp-json\/wp\/v2\/comments?post=499"}],"version-history":[{"count":2,"href":"https:\/\/www.institutvilato.com\/es\/wp-json\/wp\/v2\/pages\/499\/revisions"}],"predecessor-version":[{"id":501,"href":"https:\/\/www.institutvilato.com\/es\/wp-json\/wp\/v2\/pages\/499\/revisions\/501"}],"wp:attachment":[{"href":"https:\/\/www.institutvilato.com\/es\/wp-json\/wp\/v2\/media?parent=499"}],"wp:term":[{"taxonomy":"dipi_cpt_category","embeddable":true,"href":"https:\/\/www.institutvilato.com\/es\/wp-json\/wp\/v2\/dipi_cpt_category?post=499"}],"curies":[{"name":"wp","href":"https:\/\/api.w.org\/{rel}","templated":true}]}}