{"id":496,"date":"2025-01-17T19:54:01","date_gmt":"2025-01-17T18:54:01","guid":{"rendered":"https:\/\/www.institutvilato.com\/ozonoterapia-barcelona\/"},"modified":"2025-10-21T19:04:16","modified_gmt":"2025-10-21T17:04:16","slug":"ozonoterapia-barcelona","status":"publish","type":"page","link":"https:\/\/www.institutvilato.com\/es\/","title":{"rendered":"Ozonoterapia Barcelona"},"content":{"rendered":"<p>[et_pb_section fb_built=\u00bb1&#8243; admin_label=\u00bbHeader\u00bb _builder_version=\u00bb4.16&#8243; _module_preset=\u00bbdefault\u00bb background_enable_image=\u00bboff\u00bb background_size=\u00bbinitial\u00bb background_position=\u00bbcenter_right\u00bb overflow-x=\u00bbhidden\u00bb overflow-y=\u00bbhidden\u00bb custom_padding=\u00bb||0px||false|false\u00bb locked=\u00bboff\u00bb global_colors_info=\u00bb{}\u00bb][et_pb_row column_structure=\u00bb1_2,1_2&#8243; _builder_version=\u00bb4.16&#8243; _module_preset=\u00bbdefault\u00bb custom_padding=\u00bb||0px||false|false\u00bb global_colors_info=\u00bb{}\u00bb][et_pb_column type=\u00bb1_2&#8243; _builder_version=\u00bb4.16&#8243; _module_preset=\u00bbdefault\u00bb custom_padding=\u00bb||40px||false|false\u00bb global_colors_info=\u00bb{}\u00bb][et_pb_text _builder_version=\u00bb4.27.4&#8243; _module_preset=\u00bb55970503-ad59-4494-acd0-a97844602d1a\u00bb header_2_text_align=\u00bbleft\u00bb global_colors_info=\u00bb{}\u00bb]<\/p>\n<h2>Instituto Vilat\u00f3<\/h2>\n<p>[\/et_pb_text][et_pb_divider color=\u00bb#F1BABF\u00bb _builder_version=\u00bb4.16&#8243; _module_preset=\u00bbdefault\u00bb width=\u00bb70%\u00bb custom_margin=\u00bb||||false|false\u00bb global_colors_info=\u00bb{}\u00bb][\/et_pb_divider][et_pb_text _builder_version=\u00bb4.27.4&#8243; _module_preset=\u00bbdefault\u00bb header_font=\u00bb&#8211;et_global_heading_font|200|||||||\u00bb header_text_color=\u00bb#273252&#8243; header_2_text_color=\u00bb#273252&#8243; header_3_font=\u00bb&#8211;et_global_heading_font|200|||||||\u00bb header_3_text_color=\u00bb#273252&#8243; header_4_font=\u00bb&#8211;et_global_heading_font|200|||||||\u00bb header_4_text_color=\u00bb#273252&#8243; header_5_font=\u00bb&#8211;et_global_heading_font|200|||||||\u00bb header_5_text_color=\u00bb#273252&#8243; header_6_font=\u00bb&#8211;et_global_heading_font|200|||||||\u00bb header_6_text_color=\u00bb#273252&#8243; global_colors_info=\u00bb{}\u00bb]<\/p>\n<h1>Especializados en ozonoterapia en Barcelona<\/h1>\n<p>[\/et_pb_text][et_pb_text _builder_version=\u00bb4.27.4&#8243; _module_preset=\u00bbdefault\u00bb text_font=\u00bb&#8211;et_global_body_font|300|||||||\u00bb text_font_size=\u00bb22px\u00bb text_line_height=\u00bb1.5em\u00bb text_font_size_tablet=\u00bb18px\u00bb text_font_size_phone=\u00bb14px\u00bb text_font_size_last_edited=\u00bbon|phone\u00bb global_colors_info=\u00bb{}\u00bb]<\/p>\n<p>En el Institut Vilat\u00f3 ofrecemos tratamientos m\u00e9dicos innovadores con un enfoque integrativo y personalizado. Trabajamos con rigor cient\u00edfico para mejorar tu bienestar con terapias como la ozonoterapia, medicina de familia, medicina integrativa y nutrici\u00f3n.<\/p>\n<p>[\/et_pb_text][et_pb_button button_url=\u00bb@ET-DC@eyJkeW5hbWljIjp0cnVlLCJjb250ZW50IjoicG9zdF9saW5rX3VybF9wYWdlIiwic2V0dGluZ3MiOnsicG9zdF9pZCI6IjU4IiwiZW5hYmxlX2h0bWwiOiJvZmYifX0=@\u00bb button_text=\u00bbPide cita\u00bb button_alignment=\u00bbleft\u00bb _builder_version=\u00bb4.27.4&#8243; _dynamic_attributes=\u00bbbutton_url\u00bb _module_preset=\u00bbdefault\u00bb global_colors_info=\u00bb{}\u00bb][\/et_pb_button][\/et_pb_column][et_pb_column type=\u00bb1_2&#8243; _builder_version=\u00bb4.16&#8243; _module_preset=\u00bbdefault\u00bb global_colors_info=\u00bb{}\u00bb][et_pb_image src=\u00bbhttps:\/\/institutvilato.com\/wp-content\/uploads\/2025\/02\/ozonoterapia-institut-vilato.jpg\u00bb title_text=\u00bbOzonoterapia instituto aldeano\u00bb _builder_version=\u00bb4.27.4&#8243; _module_preset=\u00bbdefault\u00bb custom_margin=\u00bb|-20vw|||false|false\u00bb custom_margin_tablet=\u00bb|0vw|||false|false\u00bb custom_margin_phone=\u00bb||||false|false\u00bb custom_margin_last_edited=\u00bbon|tablet\u00bb scroll_vertical_motion_enable=\u00bbon\u00bb scroll_vertical_motion=\u00bb0|50|50|100|1|0|-4&#8243; motion_trigger_start=\u00bbbottom\u00bb scroll_vertical_motion_phone=\u00bb0|50|50|100|-8.5|-5.5|-4&#8243; scroll_vertical_motion_last_edited=\u00bboff|phone\u00bb border_radii=\u00bbon|12px|12px|12px|12px\u00bb global_colors_info=\u00bb{}\u00bb custom_css_main_element_last_edited=\u00bbon|phone\u00bb custom_css_main_element_phone=\u00bboverflow: hidden;||position: fixed;||top: 0;||left: 0;||width: 100%;||height: 100%;\u00bb][\/et_pb_image][\/et_pb_column][\/et_pb_row][\/et_pb_section][et_pb_section fb_built=\u00bb1&#8243; admin_label=\u00bbServices\u00bb module_id=\u00bbtratamientos\u00bb _builder_version=\u00bb4.27.4&#8243; _module_preset=\u00bbdefault\u00bb background_color=\u00bb#FFFFFF\u00bb custom_margin=\u00bb||0px||false|false\u00bb custom_margin_tablet=\u00bb||0px||false|false\u00bb custom_margin_phone=\u00bb||0px||false|false\u00bb custom_margin_last_edited=\u00bbon|phone\u00bb custom_padding=\u00bb20px||0px||false|false\u00bb bottom_divider_color=\u00bb#F4F7FA\u00bb bottom_divider_height=\u00bb125px\u00bb bottom_divider_repeat=\u00bb2x\u00bb global_module=\u00bb381&#8243; saved_tabs=\u00bball\u00bb locked=\u00bboff\u00bb global_colors_info=\u00bb{}\u00bb][et_pb_row column_structure=\u00bb2_3,1_3&#8243; use_custom_gutter=\u00bbon\u00bb gutter_width=\u00bb1&#8243; make_equal=\u00bbon\u00bb _builder_version=\u00bb4.16&#8243; _module_preset=\u00bbdefault\u00bb custom_margin=\u00bb||||false|false\u00bb custom_margin_last_edited=\u00bboff|desktop\u00bb custom_padding=\u00bb0px||0px||false|false\u00bb global_colors_info=\u00bb{}\u00bb][et_pb_column type=\u00bb2_3&#8243; _builder_version=\u00bb4.16&#8243; _module_preset=\u00bbdefault\u00bb custom_padding=\u00bb60px||60px||true|false\u00bb custom_padding_tablet=\u00bb0px||0px||false|false\u00bb custom_padding_phone=\u00bb\u00bb custom_padding_last_edited=\u00bbon|desktop\u00bb global_colors_info=\u00bb{}\u00bb][et_pb_text _builder_version=\u00bb4.27.4&#8243; _module_preset=\u00bbdefault\u00bb text_font=\u00bb&#8211;et_global_body_font|300|||||||\u00bb text_line_height=\u00bb1.8em\u00bb max_width=\u00bb550px\u00bb locked=\u00bboff\u00bb global_colors_info=\u00bb{}\u00bb]<\/p>\n<h2>Tratamientos<\/h2>\n<p>[\/et_pb_text][et_pb_text _builder_version=\u00bb4.27.4&#8243; _module_preset=\u00bbdefault\u00bb text_font=\u00bb&#8211;et_global_body_font|300|||||||\u00bb text_line_height=\u00bb1.8em\u00bb max_width=\u00bb550px\u00bb locked=\u00bboff\u00bb global_colors_info=\u00bb{}\u00bb]<\/p>\n<p>En el Institut Vilat\u00f3 te invitamos a descubrir una amplia gama de tratamientos dise\u00f1ados para satisfacer tus necesidades de salud y bienestar. Con una especializaci\u00f3n en ozonoterapia, nuestros servicios incluyen tambi\u00e9n medicina integrativa y nutrici\u00f3n, todo ello con un enfoque personalizado y adaptado a cada paciente. D\u00e9janos acompa\u00f1arte en tu camino hacia una vida m\u00e1s saludable y llena.<\/p>\n<p>[\/et_pb_text][\/et_pb_column][et_pb_column type=\u00bb1_3&#8243; _builder_version=\u00bb4.16&#8243; _module_preset=\u00bbdefault\u00bb background_color=\u00bb#f4f7fa\u00bb custom_padding=\u00bb40px|40px|40px|40px|true|true\u00bb border_width_all=\u00bb1px\u00bb border_color_all=\u00bb#ffffff\u00bb global_colors_info=\u00bb{}\u00bb][et_pb_blurb title=\u00bbOzonoterapia\u00bb image=\u00bbhttps:\/\/institutvilato.com\/wp-content\/uploads\/2025\/02\/ozonoterapia-300&#215;200.jpg\u00bb image_icon_width=\u00bb250px\u00bb icon_alignment=\u00bbleft\u00bb content_max_width=\u00bb100%\u00bb _builder_version=\u00bb4.27.4&#8243; _dynamic_attributes=\u00bblink_option_url\u00bb _module_preset=\u00bbdefault\u00bb header_font=\u00bb&#8211;et_global_heading_font|700|||||||\u00bb header_font_size=\u00bb20px\u00bb body_font=\u00bb&#8211;et_global_body_font|300|||||||\u00bb link_option_url=\u00bb@ET-DC@eyJkeW5hbWljIjp0cnVlLCJjb250ZW50IjoicG9zdF9saW5rX3VybF90cmFjdGFtZW50cyIsInNldHRpbmdzIjp7InBvc3RfaWQiOiI4MSIsImVuYWJsZV9odG1sIjoib2ZmIn19@\u00bb border_radii_image=\u00bbon|12px|12px|12px|12px\u00bb image_max_width=\u00bb72px\u00bb locked=\u00bboff\u00bb global_colors_info=\u00bb{}\u00bb]La ozonoterapia es un innovador tratamiento terap\u00e9utico que utiliza las propiedades del ozono para mejorar la salud y el bienestar, promoviendo la regeneraci\u00f3n celular y reforzando el sistema inmunitario para afrontar una amplia gama de afecciones.[\/et_pb_blurb][et_pb_button button_url=\u00bb@ET-DC@eyJkeW5hbWljIjp0cnVlLCJjb250ZW50IjoicG9zdF9saW5rX3VybF90cmFjdGFtZW50cyIsInNldHRpbmdzIjp7InBvc3RfaWQiOiI4MSIsImVuYWJsZV9odG1sIjoib2ZmIn19@\u00bb button_text=\u00bbSaber m\u00e1s\u00bb _builder_version=\u00bb4.27.4&#8243; _dynamic_attributes=\u00bbbutton_url\u00bb _module_preset=\u00bbdefault\u00bb button_text_size=\u00bb13px\u00bb button_text_color=\u00bb#623bea\u00bb button_bg_color=\u00bbrgba(0,0,0,0)\u00bb button_letter_spacing=\u00bb1px\u00bb button_font=\u00bbABeeZee|700||on|||||\u00bb custom_margin=\u00bb10px||||false|false\u00bb custom_padding=\u00bb|0px||0px|false|true\u00bb locked=\u00bboff\u00bb global_colors_info=\u00bb{}\u00bb][\/et_pb_button][\/et_pb_column][\/et_pb_row][et_pb_row column_structure=\u00bb1_3,1_3,1_3&#8243; use_custom_gutter=\u00bbon\u00bb gutter_width=\u00bb1&#8243; make_equal=\u00bbon\u00bb _builder_version=\u00bb4.27.4&#8243; _module_preset=\u00bbdefault\u00bb custom_margin=\u00bb|auto|1px|auto|false|false\u00bb custom_padding=\u00bb0px||0px||false|false\u00bb global_colors_info=\u00bb{}\u00bb][et_pb_column type=\u00bb1_3&#8243; _builder_version=\u00bb4.16&#8243; _module_preset=\u00bbdefault\u00bb background_color=\u00bb#f2f8f5&#8243; custom_padding=\u00bb40px|40px|40px|40px|false|true\u00bb border_width_all=\u00bb1px\u00bb border_color_all=\u00bb#ffffff\u00bb global_colors_info=\u00bb{}\u00bb][et_pb_blurb title=\u00bbMedicina familiar\u00bb image=\u00bbhttps:\/\/institutvilato.com\/wp-content\/uploads\/2025\/02\/medicina-de-familia.jpg\u00bb alt=\u00bbEn el Institut Vilat\u00f3 ofrecemos una medicina de familia cercana e integral, combinando los conocimientos m\u00e9dicos m\u00e1s avanzados con terapias innovadoras. Apostamos por la prevenci\u00f3n y atenci\u00f3n personalizada para mejorar la calidad de vida de nuestros pacientes.\u00bb image_icon_width=\u00bb250px\u00bb icon_alignment=\u00bbleft\u00bb content_max_width=\u00bb100%\u00bb _builder_version=\u00bb4.27.4&#8243; _dynamic_attributes=\u00bblink_option_url\u00bb _module_preset=\u00bbdefault\u00bb header_font=\u00bb&#8211;et_global_heading_font|700|||||||\u00bb header_font_size=\u00bb20px\u00bb body_font=\u00bb&#8211;et_global_body_font|300|||||||\u00bb link_option_url=\u00bb@ET-DC@eyJkeW5hbWljIjp0cnVlLCJjb250ZW50IjoicG9zdF9saW5rX3VybF90cmFjdGFtZW50cyIsInNldHRpbmdzIjp7InBvc3RfaWQiOiIyNjYiLCJlbmFibGVfaHRtbCI6Im9mZiJ9fQ==@\u00bb border_radii_image=\u00bbon|12px|12px|12px|12px\u00bb image_max_width=\u00bb72px\u00bb locked=\u00bboff\u00bb global_colors_info=\u00bb{}\u00bb]La medicina familiar es el enfoque integral que proporciona cuidados personalizados y continuados, centr\u00e1ndose en la promoci\u00f3n de la salud, la prevenci\u00f3n de enfermedades y el tratamiento de toda la familia a lo largo de las diferentes etapas de la vida.[\/et_pb_blurb][et_pb_button button_url=\u00bb@ET-DC@eyJkeW5hbWljIjp0cnVlLCJjb250ZW50IjoicG9zdF9saW5rX3VybF90cmFjdGFtZW50cyIsInNldHRpbmdzIjp7InBvc3RfaWQiOiIyNjYiLCJlbmFibGVfaHRtbCI6Im9mZiJ9fQ==@\u00bb button_text=\u00bbSaber m\u00e1s\u00bb _builder_version=\u00bb4.27.4&#8243; _dynamic_attributes=\u00bbbutton_url\u00bb _module_preset=\u00bbdefault\u00bb button_text_size=\u00bb13px\u00bb button_text_color=\u00bb#623bea\u00bb button_bg_color=\u00bbrgba(0,0,0,0)\u00bb button_letter_spacing=\u00bb1px\u00bb button_font=\u00bbABeeZee|700||on|||||\u00bb custom_margin=\u00bb10px||||false|false\u00bb custom_padding=\u00bb|0px||0px|false|true\u00bb global_colors_info=\u00bb{}\u00bb][\/et_pb_button][\/et_pb_column][et_pb_column type=\u00bb1_3&#8243; _builder_version=\u00bb4.27.4&#8243; _module_preset=\u00bbdefault\u00bb background_color=\u00bb#fce7ec\u00bb custom_padding=\u00bb40px|40px|40px|40px|true|true\u00bb border_width_all=\u00bb1px\u00bb border_color_all=\u00bb#ffffff\u00bb global_colors_info=\u00bb{}\u00bb][et_pb_blurb title=\u00bbPsicolog\u00eda\u00bb image=\u00bbhttps:\/\/institutvilato.com\/wp-content\/uploads\/2025\/02\/psicologia.jpg\u00bb image_icon_width=\u00bb250px\u00bb icon_alignment=\u00bbleft\u00bb content_max_width=\u00bb100%\u00bb _builder_version=\u00bb4.27.4&#8243; _dynamic_attributes=\u00bblink_option_url\u00bb _module_preset=\u00bbdefault\u00bb header_font=\u00bb&#8211;et_global_heading_font|700|||||||\u00bb header_font_size=\u00bb20px\u00bb body_font=\u00bb&#8211;et_global_body_font|300|||||||\u00bb link_option_url=\u00bb@ET-DC@eyJkeW5hbWljIjp0cnVlLCJjb250ZW50IjoicG9zdF9saW5rX3VybF90cmFjdGFtZW50cyIsInNldHRpbmdzIjp7InBvc3RfaWQiOiIyNzEiLCJlbmFibGVfaHRtbCI6Im9mZiJ9fQ==@\u00bb border_radii_image=\u00bbon|12px|12px|12px|12px\u00bb image_max_width=\u00bb72px\u00bb locked=\u00bboff\u00bb global_colors_info=\u00bb{}\u00bb]<\/p>\n<p>La psicolog\u00eda es la ciencia que explora la mente humana y sus emociones, ayud\u00e1ndonos a comprender nuestras experiencias ya gestionar las relaciones con nosotros mismos y con los dem\u00e1s.<\/p>\n<p>[\/et_pb_blurb][et_pb_button button_url=\u00bb@ET-DC@eyJkeW5hbWljIjp0cnVlLCJjb250ZW50IjoicG9zdF9saW5rX3VybF90cmFjdGFtZW50cyIsInNldHRpbmdzIjp7InBvc3RfaWQiOiIyNzEiLCJlbmFibGVfaHRtbCI6Im9mZiJ9fQ==@\u00bb button_text=\u00bbSaber m\u00e1s\u00bb _builder_version=\u00bb4.27.4&#8243; _dynamic_attributes=\u00bbbutton_url\u00bb _module_preset=\u00bbdefault\u00bb button_text_size=\u00bb13px\u00bb button_text_color=\u00bb#623bea\u00bb button_bg_color=\u00bbrgba(0,0,0,0)\u00bb button_letter_spacing=\u00bb1px\u00bb button_font=\u00bbABeeZee|700||on|||||\u00bb custom_margin=\u00bb10px||||false|false\u00bb custom_padding=\u00bb|0px||0px|false|true\u00bb locked=\u00bboff\u00bb global_colors_info=\u00bb{}\u00bb][\/et_pb_button][\/et_pb_column][et_pb_column type=\u00bb1_3&#8243; _builder_version=\u00bb4.27.4&#8243; _module_preset=\u00bbdefault\u00bb background_color=\u00bb#fff2e2&#8243; custom_padding=\u00bb40px|40px|40px|40px|true|true\u00bb border_width_all=\u00bb1px\u00bb border_color_all=\u00bb#ffffff\u00bb global_colors_info=\u00bb{}\u00bb][et_pb_blurb title=\u00bbNutrici\u00f3n\u00bb image=\u00bbhttps:\/\/institutvilato.com\/wp-content\/uploads\/2025\/02\/nutricio-1.jpg\u00bb image_icon_width=\u00bb250px\u00bb icon_alignment=\u00bbleft\u00bb content_max_width=\u00bb100%\u00bb _builder_version=\u00bb4.27.4&#8243; _dynamic_attributes=\u00bblink_option_url\u00bb _module_preset=\u00bbdefault\u00bb header_font=\u00bb&#8211;et_global_heading_font|700|||||||\u00bb header_font_size=\u00bb20px\u00bb body_font=\u00bb&#8211;et_global_body_font|300|||||||\u00bb link_option_url=\u00bb@ET-DC@eyJkeW5hbWljIjp0cnVlLCJjb250ZW50IjoicG9zdF9saW5rX3VybF90cmFjdGFtZW50cyIsInNldHRpbmdzIjp7InBvc3RfaWQiOiIzMTEiLCJlbmFibGVfaHRtbCI6Im9mZiJ9fQ==@\u00bb border_radii_image=\u00bbon|12px|12px|12px|12px\u00bb image_max_width=\u00bb72px\u00bb locked=\u00bboff\u00bb global_colors_info=\u00bb{}\u00bb]<\/p>\n<p>La nutrici\u00f3n es el arte de alimentar el cuerpo con los nutrientes adecuados para potenciar la salud, la energ\u00eda y el bienestar, creando un equilibrio que nutre tanto al f\u00edsico como al emocional.<\/p>\n<p>[\/et_pb_blurb][et_pb_button button_url=\u00bb@ET-DC@eyJkeW5hbWljIjp0cnVlLCJjb250ZW50IjoicG9zdF9saW5rX3VybF90cmFjdGFtZW50cyIsInNldHRpbmdzIjp7InBvc3RfaWQiOiIzMTEiLCJlbmFibGVfaHRtbCI6Im9mZiJ9fQ==@\u00bb button_text=\u00bbSaber m\u00e1s\u00bb _builder_version=\u00bb4.27.4&#8243; _dynamic_attributes=\u00bbbutton_url\u00bb _module_preset=\u00bbdefault\u00bb button_text_size=\u00bb13px\u00bb button_text_color=\u00bb#623bea\u00bb button_bg_color=\u00bbrgba(0,0,0,0)\u00bb button_letter_spacing=\u00bb1px\u00bb button_font=\u00bbABeeZee|700||on|||||\u00bb custom_margin=\u00bb10px||||false|false\u00bb custom_padding=\u00bb|0px||0px|false|true\u00bb locked=\u00bboff\u00bb global_colors_info=\u00bb{}\u00bb][\/et_pb_button][\/et_pb_column][\/et_pb_row][\/et_pb_section][et_pb_section fb_built=\u00bb1&#8243; admin_label=\u00bbAbout\u00bb _builder_version=\u00bb4.27.4&#8243; _module_preset=\u00bbdefault\u00bb background_color=\u00bb#F4F7FA\u00bb overflow-x=\u00bbhidden\u00bb overflow-y=\u00bbhidden\u00bb custom_margin=\u00bb||||false|false\u00bb top_divider_style=\u00bbwaves2&#8243; top_divider_color=\u00bbrgba(120,183,229,0.3)\u00bb top_divider_repeat=\u00bb1x\u00bb locked=\u00bboff\u00bb global_colors_info=\u00bb{}\u00bb][et_pb_row column_structure=\u00bb1_2,1_2&#8243; _builder_version=\u00bb4.27.4&#8243; _module_preset=\u00bbdefault\u00bb custom_margin=\u00bb60px||||false|false\u00bb global_colors_info=\u00bb{}\u00bb][et_pb_column type=\u00bb1_2&#8243; _builder_version=\u00bb4.16&#8243; _module_preset=\u00bbdefault\u00bb global_colors_info=\u00bb{}\u00bb][et_pb_text _builder_version=\u00bb4.27.4&#8243; _module_preset=\u00bb55970503-ad59-4494-acd0-a97844602d1a\u00bb header_2_text_align=\u00bbleft\u00bb text_orientation=\u00bbleft\u00bb global_colors_info=\u00bb{}\u00bb]<\/p>\n<h2>Sobre nosotros<\/h2>\n<p>[\/et_pb_text][et_pb_divider color=\u00bb#F1BABF\u00bb _builder_version=\u00bb4.16&#8243; _module_preset=\u00bbdefault\u00bb width=\u00bb70%\u00bb locked=\u00bboff\u00bb global_colors_info=\u00bb{}\u00bb][\/et_pb_divider][et_pb_text _builder_version=\u00bb4.27.4&#8243; _module_preset=\u00bbdefault\u00bb global_colors_info=\u00bb{}\u00bb]<\/p>\n<h2>Sobre Instituto Vilat\u00f3<\/h2>\n<p>[\/et_pb_text][et_pb_text _builder_version=\u00bb4.27.4&#8243; _module_preset=\u00bbdefault\u00bb global_colors_info=\u00bb{}\u00bb]<\/p>\n<p>En el Institut Vilat\u00f3 trabajamos para ofrecer tratamientos m\u00e9dicos innovadores con un enfoque integral y personalizado.<\/p>\n<p>Contamos con un equipo de profesionales altamente cualificados y especializados en diferentes \u00e1reas de salud, aplicando metodolog\u00edas basadas en la evidencia m\u00e9dica y utilizando tecnolog\u00eda de vanguardia para garantizar los mejores resultados.<\/p>\n<p>Nuestra prioridad es proporcionar una atenci\u00f3n cercana y de calidad adaptada a las necesidades de cada paciente. Descubre c\u00f3mo podemos ayudarte a mejorar tu salud y bienestar.<\/p>\n<p>[\/et_pb_text][et_pb_button button_url=\u00bb@ET-DC@eyJkeW5hbWljIjp0cnVlLCJjb250ZW50IjoicG9zdF9saW5rX3VybF9wYWdlIiwic2V0dGluZ3MiOnsicG9zdF9pZCI6IjU2IiwiZW5hYmxlX2h0bWwiOiJvZmYifX0=@\u00bb button_text=\u00bbSaber m\u00e1s\u00bb _builder_version=\u00bb4.27.4&#8243; _dynamic_attributes=\u00bbbutton_url\u00bb _module_preset=\u00bbdefault\u00bb button_font=\u00bbABeeZee|700||on|||||\u00bb locked=\u00bboff\u00bb global_colors_info=\u00bb{}\u00bb][\/et_pb_button][\/et_pb_column][et_pb_column type=\u00bb1_2&#8243; _builder_version=\u00bb4.16&#8243; _module_preset=\u00bbdefault\u00bb global_colors_info=\u00bb{}\u00bb][et_pb_image src=\u00bbhttps:\/\/institutvilato.com\/wp-content\/uploads\/2025\/01\/womenshealthcenter-17-1.png\u00bb alt=\u00bbInstituto Vilat\u00f3\u00bb title_text=\u00bb@ET-DC@eyJkeW5hbWljIjp0cnVlLCJjb250ZW50IjoicG9zdF9leGNlcnB0Iiwic2V0dGluZ3MiOnsiYmVmb3JlIjoiIiwiYWZ0ZXIiOiIiLCJ3b3JkcyI6IiIsInJlYWRfbW9yZV9sYWJlbCI6IiIsImVuYWJsZV9odG1sIjoib2ZmIn19@\u00bb _builder_version=\u00bb4.27.4&#8243; _dynamic_attributes=\u00bbtitle_text\u00bb _module_preset=\u00bbdefault\u00bb custom_margin=\u00bb|-30vw|||false|false\u00bb custom_margin_tablet=\u00bb|0vw|||false|false\u00bb custom_margin_phone=\u00bb\u00bb custom_margin_last_edited=\u00bbon|tablet\u00bb global_colors_info=\u00bb{}\u00bb][\/et_pb_image][\/et_pb_column][\/et_pb_row][\/et_pb_section]<\/p>\n","protected":false},"excerpt":{"rendered":"<p>En el Institut Vilat\u00f3 ofrecemos tratamientos m\u00e9dicos innovadores con un enfoque integrativo y personalizado. Trabajamos con rigor cient\u00edfico para mejorar tu bienestar con terapias como la ozonoterapia, medicina de familia, medicina integrativa y nutrici\u00f3n.<\/p>\n","protected":false},"author":1,"featured_media":0,"parent":0,"menu_order":0,"comment_status":"closed","ping_status":"open","template":"","meta":{"_acf_changed":false,"_et_pb_use_builder":"on","_et_pb_old_content":"","_et_gb_content_width":"","footnotes":""},"dipi_cpt_category":[],"class_list":["post-496","page","type-page","status-publish","hentry"],"acf":[],"_links":{"self":[{"href":"https:\/\/www.institutvilato.com\/es\/wp-json\/wp\/v2\/pages\/496","targetHints":{"allow":["GET"]}}],"collection":[{"href":"https:\/\/www.institutvilato.com\/es\/wp-json\/wp\/v2\/pages"}],"about":[{"href":"https:\/\/www.institutvilato.com\/es\/wp-json\/wp\/v2\/types\/page"}],"author":[{"embeddable":true,"href":"https:\/\/www.institutvilato.com\/es\/wp-json\/wp\/v2\/users\/1"}],"replies":[{"embeddable":true,"href":"https:\/\/www.institutvilato.com\/es\/wp-json\/wp\/v2\/comments?post=496"}],"version-history":[{"count":5,"href":"https:\/\/www.institutvilato.com\/es\/wp-json\/wp\/v2\/pages\/496\/revisions"}],"predecessor-version":[{"id":617,"href":"https:\/\/www.institutvilato.com\/es\/wp-json\/wp\/v2\/pages\/496\/revisions\/617"}],"wp:attachment":[{"href":"https:\/\/www.institutvilato.com\/es\/wp-json\/wp\/v2\/media?parent=496"}],"wp:term":[{"taxonomy":"dipi_cpt_category","embeddable":true,"href":"https:\/\/www.institutvilato.com\/es\/wp-json\/wp\/v2\/dipi_cpt_category?post=496"}],"curies":[{"name":"wp","href":"https:\/\/api.w.org\/{rel}","templated":true}]}}