{"id":493,"date":"2025-01-23T17:44:45","date_gmt":"2025-01-23T16:44:45","guid":{"rendered":"https:\/\/www.institutvilato.com\/contacto\/"},"modified":"2025-10-21T19:02:54","modified_gmt":"2025-10-21T17:02:54","slug":"contacto","status":"publish","type":"page","link":"https:\/\/www.institutvilato.com\/es\/contacto\/","title":{"rendered":"Contacto"},"content":{"rendered":"<p>[et_pb_section fb_built=\u00bb1&#8243; specialty=\u00bbon\u00bb background_color_2=\u00bb#ffffff\u00bb padding_top_2=\u00bb60px\u00bb padding_right_2=\u00bb40px\u00bb padding_bottom_2=\u00bb60px\u00bb padding_left_2=\u00bb40px\u00bb padding_top_bottom_link_2=\u00bbtrue\u00bb padding_left_right_link_2=\u00bbtrue\u00bb padding_2_tablet=\u00bb30px|30px|30px|0px|true|false\u00bb padding_2_phone=\u00bb|20px|||false|false\u00bb padding_2_last_edited=\u00bbon|tablet\u00bb admin_label=\u00bbHeader\u00bb _builder_version=\u00bb4.16&#8243; _module_preset=\u00bbdefault\u00bb use_background_color_gradient=\u00bbon\u00bb background_color_gradient_direction=\u00bb90deg\u00bb background_color_gradient_stops=\u00bb#ffffff 36%|#f2f8f5 36%\u00bb background_color_gradient_start=\u00bb#ffffff\u00bb background_color_gradient_start_position=\u00bb36%\u00bb background_color_gradient_end=\u00bb#f2f8f5&#8243; background_color_gradient_end_position=\u00bb0%\u00bb global_colors_info=\u00bb{}\u00bb][et_pb_column type=\u00bb1_2&#8243; specialty_columns=\u00bb2&#8243; _builder_version=\u00bb4.16&#8243; custom_padding=\u00bb|||\u00bb global_colors_info=\u00bb{}\u00bb custom_padding__hover=\u00bb|||\u00bb][et_pb_row_inner _builder_version=\u00bb4.16&#8243; _module_preset=\u00bbdefault\u00bb global_colors_info=\u00bb{}\u00bb][et_pb_column_inner saved_specialty_column_type=\u00bb1_2&#8243; _builder_version=\u00bb4.16&#8243; _module_preset=\u00bbdefault\u00bb global_colors_info=\u00bb{}\u00bb][et_pb_text _builder_version=\u00bb4.27.4&#8243; _module_preset=\u00bb55970503-ad59-4494-acd0-a97844602d1a\u00bb header_text_align=\u00bbcenter\u00bb header_2_text_align=\u00bbleft\u00bb global_colors_info=\u00bb{}\u00bb]<\/p>\n<h2>Contacta con nosotros<\/h2>\n<p>[\/et_pb_text][et_pb_divider color=\u00bb#F1BABF\u00bb _builder_version=\u00bb4.16&#8243; _module_preset=\u00bbdefault\u00bb width=\u00bb70%\u00bb custom_margin=\u00bb||||false|false\u00bb locked=\u00bboff\u00bb global_colors_info=\u00bb{}\u00bb][\/et_pb_divider][et_pb_text _builder_version=\u00bb4.27.4&#8243; _module_preset=\u00bbdefault\u00bb global_colors_info=\u00bb{}\u00bb]<\/p>\n<h1>Pide Cita<\/h1>\n<p>[\/et_pb_text][et_pb_text _builder_version=\u00bb4.27.4&#8243; _module_preset=\u00bbdefault\u00bb global_colors_info=\u00bb{}\u00bb]<\/p>\n<p>Pide cita con nosotros f\u00e1cilmente desde este formulario o si lo prefieres puedes llamarnos.<\/p>\n<p>[\/et_pb_text][\/et_pb_column_inner][\/et_pb_row_inner][et_pb_row_inner column_structure=\u00bb1_2,1_2&#8243; _builder_version=\u00bb4.27.4&#8243; _module_preset=\u00bbdefault\u00bb global_colors_info=\u00bb{}\u00bb][et_pb_column_inner type=\u00bb1_2&#8243; saved_specialty_column_type=\u00bb1_2&#8243; _builder_version=\u00bb4.27.4&#8243; _module_preset=\u00bbdefault\u00bb global_colors_info=\u00bb{}\u00bb][et_pb_blurb use_icon=\u00bbon\u00bb font_icon=\u00bb&#xf232;||fa||400&#8243; icon_color=\u00bb#273252&#8243; icon_placement=\u00bbleft\u00bb image_icon_width=\u00bb25px\u00bb _builder_version=\u00bb4.27.4&#8243; _module_preset=\u00bbdefault\u00bb body_link_text_color=\u00bb#273252&#8243; background_color=\u00bb#F2F8F5&#8243; custom_padding=\u00bb15px|10px|15px|10px|true|true\u00bb link_option_url=\u00bbhttps:\/\/api.whatsapp.com\/send?phone=+34639616109&amp;text=Vull%20demanar%20cita%20a%20Instittu%20Vilat%C3%B3&#8243; link_option_url_new_window=\u00bbon\u00bb global_colors_info=\u00bb{}\u00bb custom_css_main_element__hover_enabled=\u00bbon|hover\u00bb custom_css_main_element__hover=\u00bbtext-decoration: underline;\u00bb background__hover_enabled=\u00bbon|hover\u00bb background_color__hover=\u00bb#FFF2E2&#8243; background_enable_color__hover=\u00bbon\u00bb]<\/p>\n<p>Pide cita por WhatsApp<br \/><a href=\"https:\/\/api.whatsapp.com\/send?phone=+34639616109&amp;text=Vull%20demanar%20cita%20a%20Instittu%20Vilat%C3%B3\" target=\"_blank\" rel=\"noopener\" title=\"Pide cita por WhatsApp\">639 616 109<\/a><\/p>\n<p>[\/et_pb_blurb][et_pb_blurb use_icon=\u00bbon\u00bb font_icon=\u00bb&#xf879;||fa||900&#8243; icon_color=\u00bb#273252&#8243; icon_placement=\u00bbleft\u00bb image_icon_width=\u00bb25px\u00bb _builder_version=\u00bb4.27.4&#8243; _module_preset=\u00bbdefault\u00bb body_link_text_color=\u00bb#273252&#8243; global_colors_info=\u00bb{}\u00bb custom_css_main_element__hover_enabled=\u00bbon|hover\u00bb custom_css_main_element__hover=\u00bbtext-decoration: underline;\u00bb]<\/p>\n<p><a href=\"tel:+34932805355\" target=\"_blank\" rel=\"noopener\" title=\"Ll\u00e1manos\">93 280 53 55<\/a><\/p>\n<p>[\/et_pb_blurb][et_pb_blurb use_icon=\u00bbon\u00bb font_icon=\u00bb&#xf0e0;||fa||400&#8243; icon_color=\u00bb#273252&#8243; icon_placement=\u00bbleft\u00bb image_icon_width=\u00bb25px\u00bb _builder_version=\u00bb4.27.4&#8243; _module_preset=\u00bbdefault\u00bb body_link_text_color=\u00bb#273252&#8243; global_colors_info=\u00bb{}\u00bb custom_css_main_element__hover_enabled=\u00bbon|hover\u00bb custom_css_main_element__hover=\u00bbtext-decoration: underline;\u00bb]<\/p>\n<p><a href=\"mailto:info@institutvilato.com\" target=\"_blank\" rel=\"noopener\" title=\"Escr\u00edbenos\">info@institutvilato.com<\/a><\/p>\n<p>[\/et_pb_blurb][et_pb_blurb use_icon=\u00bbon\u00bb font_icon=\u00bb&#xe01d;||divi||400&#8243; icon_color=\u00bb#273252&#8243; icon_placement=\u00bbleft\u00bb image_icon_width=\u00bb25px\u00bb _builder_version=\u00bb4.27.4&#8243; _module_preset=\u00bbdefault\u00bb body_link_text_color=\u00bb#273252&#8243; hover_enabled=\u00bb0&#8243; global_colors_info=\u00bb{}\u00bb custom_css_main_element__hover_enabled=\u00bbon|hover\u00bb custom_css_main_element__hover=\u00bbtext-decoration: underline;\u00bb sticky_enabled=\u00bb0&#8243;]<\/p>\n<p><a href=\"https:\/\/maps.app.goo.gl\/oDHcbMnHwhVgSPsg6\" target=\"_blank\" rel=\"noopener\" title=\"M\u00edralo en Google Maps\">Pl. de Manuel Corach\u00e1n, 4. 2\u00aa Planta, Despachos 215 y 217<\/a><br \/><a href=\"https:\/\/maps.app.goo.gl\/oDHcbMnHwhVgSPsg6\" target=\"_blank\" rel=\"noopener\" title=\"M\u00edralo en Google Maps\">08017 Barcelona<\/a><\/p>\n<p>[\/et_pb_blurb][\/et_pb_column_inner][et_pb_column_inner type=\u00bb1_2&#8243; saved_specialty_column_type=\u00bb1_2&#8243; _builder_version=\u00bb4.27.4&#8243; _module_preset=\u00bbdefault\u00bb global_colors_info=\u00bb{}\u00bb][\/et_pb_column_inner][\/et_pb_row_inner][\/et_pb_column][et_pb_column type=\u00bb1_2&#8243; _builder_version=\u00bb4.16&#8243; custom_padding=\u00bb|||\u00bb global_colors_info=\u00bb{}\u00bb custom_padding__hover=\u00bb|||\u00bb][et_pb_text _builder_version=\u00bb4.27.4&#8243; _module_preset=\u00bbdefault\u00bb global_colors_info=\u00bb{}\u00bb]<\/p>\n<link rel='stylesheet' id='formidable-css' href='https:\/\/www.institutvilato.com\/wp-content\/plugins\/formidable\/css\/formidableforms.css?ver=4272345' type='text\/css' media='all' \/>\n<div class=\"frm_forms  with_frm_style frm_style_formidable-style\" id=\"frm_form_2_container\" data-token=\"d5e6870d5a73a5a552402e6eca87c2ae\">\n<form enctype=\"multipart\/form-data\" method=\"post\" class=\"frm-show-form  frm_pro_form \" id=\"form_cita\" data-token=\"d5e6870d5a73a5a552402e6eca87c2ae\">\n<div class=\"frm_form_fields \">\n<fieldset>\n<legend class=\"frm_screen_reader\">Cita<\/legend>\r\n\r\n<div class=\"frm_fields_container\">\n<input type=\"hidden\" name=\"frm_action\" value=\"create\" \/>\n<input type=\"hidden\" name=\"form_id\" value=\"2\" \/>\n<input type=\"hidden\" name=\"frm_hide_fields_2\" id=\"frm_hide_fields_2\" value=\"\" \/>\n<input type=\"hidden\" name=\"form_key\" value=\"cita\" \/>\n<input type=\"hidden\" name=\"item_meta[0]\" value=\"\" \/>\n<input type=\"hidden\" id=\"frm_submit_entry_2\" name=\"frm_submit_entry_2\" value=\"5a9f0056d4\" \/><input type=\"hidden\" name=\"_wp_http_referer\" value=\"\/es\/wp-json\/wp\/v2\/pages\/493\" \/><div id=\"frm_field_7_container\" class=\"frm_form_field form-field  frm_required_field frm_top_container frm3 frm_first\">\r\n\t<label for=\"field_pep2i\" id=\"field_pep2i_label\" class=\"frm_primary_label\">Nombre\r\n\t\t<span class=\"frm_required\" aria-hidden=\"true\">*<\/span>\r\n\t<\/label>\r\n\t<input  type=\"text\" id=\"field_pep2i\" name=\"item_meta[7]\" value=\"\"  data-reqmsg=\"Nombre cannot be blank.\" aria-required=\"true\" data-invmsg=\"Nombre is invalid\" aria-invalid=\"false\"   \/>\r\n\t\r\n\t\r\n<\/div>\n<div id=\"frm_field_8_container\" class=\"frm_form_field form-field  frm_required_field frm_top_container frm9\">\r\n\t<label for=\"field_t9axo\" id=\"field_t9axo_label\" class=\"frm_primary_label\">Apellidos\r\n\t\t<span class=\"frm_required\" aria-hidden=\"true\">*<\/span>\r\n\t<\/label>\r\n\t<input  type=\"text\" id=\"field_t9axo\" name=\"item_meta[8]\" value=\"\"  data-reqmsg=\"Apellidos cannot be blank.\" aria-required=\"true\" data-invmsg=\"Apellidos is invalid\" aria-invalid=\"false\"   \/>\r\n\t\r\n\t\r\n<\/div>\n<div id=\"frm_field_9_container\" class=\"frm_form_field form-field  frm_required_field frm_top_container\">\r\n\t<label for=\"field_gcbbm\" id=\"field_gcbbm_label\" class=\"frm_primary_label\">Correo electr\u00f3nico\r\n\t\t<span class=\"frm_required\" aria-hidden=\"true\">*<\/span>\r\n\t<\/label>\r\n\t<input type=\"email\" id=\"field_gcbbm\" name=\"item_meta[9]\" value=\"\"  autocomplete=\"email\"  data-reqmsg=\"Correo electr\u00f3nico cannot be blank.\" aria-required=\"true\" data-invmsg=\"Correo electr\u00f3nico is invalid\" aria-invalid=\"false\"  \/>\r\n\t\r\n\t\r\n<\/div>\n<div id=\"frm_field_10_container\" class=\"frm_form_field form-field  frm_required_field frm_top_container\">\r\n\t<label for=\"field_8xxh0\" id=\"field_8xxh0_label\" class=\"frm_primary_label\">Tel\u00e9fono\r\n\t\t<span class=\"frm_required\" aria-hidden=\"true\">*<\/span>\r\n\t<\/label>\r\n\t<input  type=\"text\" id=\"field_8xxh0\" name=\"item_meta[10]\" value=\"\"  data-reqmsg=\"Tel\u00e9fono cannot be blank.\" aria-required=\"true\" data-invmsg=\"Tel\u00e9fono is invalid\" aria-invalid=\"false\"   \/>\r\n\t\r\n\t\r\n<\/div>\n<div id=\"frm_field_11_container\" class=\"frm_form_field form-field  frm_top_container\">\r\n\t<label for=\"field_70fgv\" id=\"field_70fgv_label\" class=\"frm_primary_label\">Quiero que me llam\u00e9is\r\n\t\t<span class=\"frm_required\" aria-hidden=\"true\"><\/span>\r\n\t<\/label>\r\n\t\n<div >\n    <label class=\"frm_switch_block\">\n\t\t\t\t\t<span class=\"frm_off_label frm_switch_opt\">No<\/span>\n\t\t\n\t\t<input type=\"checkbox\" name=\"item_meta[11][]\" id=\"field_70fgv\" value=\"S\u00ed\"\n\t\t\t\t\t\t\t\t\t\tdata-off=\"No\"\n\t\t\t\t\t\t data-invmsg=\"Quiero que me llam\u00e9is no es v\u00e1lido\" aria-invalid=\"false\"  \t\t\/>\n\n\t\t<span class=\"frm_switch\" tabindex=\"0\" role=\"switch\" aria-labelledby=\"field_70fgv_label\" aria-checked=\"false\">\n\t\t\t<span class=\"frm_slider\"><\/span>\n\t\t<\/span>\n\n\t\t\t\t\t<span class=\"frm_on_label frm_switch_opt\">S\u00ed<\/span>\n\t<\/label>\n<\/div>\n\r\n\t\r\n\t\r\n<\/div>\n<div id=\"frm_field_14_container\" class=\"frm_form_field form-field  frm_required_field frm_top_container vertical_radio\">\r\n\t<div  id=\"field_pgees_label\" class=\"frm_primary_label\">\u00bfEn qu\u00e9 horario?\r\n\t\t<span class=\"frm_required\" aria-hidden=\"true\">*<\/span>\r\n\t<\/div>\r\n\t<div class=\"frm_opt_container\" aria-labelledby=\"field_pgees_label\" role=\"radiogroup\" aria-required=\"true\">\t\t<div class=\"frm_radio\" id=\"frm_radio_14-0\">\t\t\t<label  for=\"field_pgees-0\">\n\t\t\t\t\t<input type=\"radio\" name=\"item_meta[14]\" id=\"field_pgees-0\" value=\"Mat\u00ed\"\n\t\t data-reqmsg=\"\u00bfEn qu\u00e9 horario? cannot be blank.\" data-invmsg=\"\u00bfEn qu\u00e9 horario? no es v\u00e1lido\"   \/> Ma\u00f1anas<\/label><\/div>\n\t\t<div class=\"frm_radio\" id=\"frm_radio_14-1\">\t\t\t<label  for=\"field_pgees-1\">\n\t\t\t\t\t<input type=\"radio\" name=\"item_meta[14]\" id=\"field_pgees-1\" value=\"Tarda\"\n\t\t data-reqmsg=\"\u00bfEn qu\u00e9 horario? cannot be blank.\" data-invmsg=\"\u00bfEn qu\u00e9 horario? no es v\u00e1lido\"   \/> Tardes<\/label><\/div>\n\t\t<div class=\"frm_radio\" id=\"frm_radio_14-2\">\t\t\t<label  for=\"field_pgees-2\">\n\t\t\t\t\t<input type=\"radio\" name=\"item_meta[14]\" id=\"field_pgees-2\" value=\"Indiferent\"\n\t\t data-reqmsg=\"\u00bfEn qu\u00e9 horario? cannot be blank.\" data-invmsg=\"\u00bfEn qu\u00e9 horario? no es v\u00e1lido\"   \/> Indiferente<\/label><\/div>\n<\/div>\r\n\t\r\n\t\r\n<\/div>\n<div id=\"frm_field_12_container\" class=\"frm_form_field form-field  frm_top_container vertical_radio\">\r\n\t<div  id=\"field_2eyaa_label\" class=\"frm_primary_label\">\u00bfEn qu\u00e9 tratamientos tienes inter\u00e9s?\r\n\t\t<span class=\"frm_required\" aria-hidden=\"true\"><\/span>\r\n\t<\/div>\r\n\t<div class=\"frm_opt_container\" aria-labelledby=\"field_2eyaa_label\" role=\"group\">\t\t<div class=\"frm_checkbox\" id=\"frm_checkbox_12-0\">\t\t\t<label  for=\"field_2eyaa-0\">\n\t\t\t<input type=\"checkbox\" name=\"item_meta[12][]\" id=\"field_2eyaa-0\" value=\"Ozonoter\u00e0pia\"  data-invmsg=\"\u00bfEn qu\u00e9 tratamientos tienes inter\u00e9s? no es v\u00e1lido\"   \/> Ozonoterapia<\/label><\/div>\n\t\t<div class=\"frm_checkbox\" id=\"frm_checkbox_12-2\">\t\t\t<label  for=\"field_2eyaa-2\">\n\t\t\t<input type=\"checkbox\" name=\"item_meta[12][]\" id=\"field_2eyaa-2\" value=\"Medicina de Fam\u00edlia\"  data-invmsg=\"\u00bfEn qu\u00e9 tratamientos tienes inter\u00e9s? no es v\u00e1lido\"   \/> Medicina de familia<\/label><\/div>\n\t\t<div class=\"frm_checkbox\" id=\"frm_checkbox_12-3\">\t\t\t<label  for=\"field_2eyaa-3\">\n\t\t\t<input type=\"checkbox\" name=\"item_meta[12][]\" id=\"field_2eyaa-3\" value=\"Psicologia\"  data-invmsg=\"\u00bfEn qu\u00e9 tratamientos tienes inter\u00e9s? no es v\u00e1lido\"   \/> Psicolog\u00eda<\/label><\/div>\n\t\t<div class=\"frm_checkbox\" id=\"frm_checkbox_12-1\">\t\t\t<label  for=\"field_2eyaa-1\">\n\t\t\t<input type=\"checkbox\" name=\"item_meta[12][]\" id=\"field_2eyaa-1\" value=\"Nutrici\u00f3\"  data-invmsg=\"\u00bfEn qu\u00e9 tratamientos tienes inter\u00e9s? no es v\u00e1lido\"   \/> Nutrici\u00f3n<\/label><\/div>\n<\/div>\r\n\t\r\n\t\r\n<\/div>\n<div id=\"frm_field_13_container\" class=\"frm_form_field form-field  frm_top_container\">\r\n\t<label for=\"field_mzk98\" id=\"field_mzk98_label\" class=\"frm_primary_label\">Expl\u00edcanos\r\n\t\t<span class=\"frm_required\" aria-hidden=\"true\"><\/span>\r\n\t<\/label>\r\n\t<textarea name=\"item_meta[13]\" id=\"field_mzk98\" rows=\"5\"  placeholder=\"Expl\u00edcanos en qu\u00e9 est\u00e1s interesado\/a\" data-invmsg=\"Expl\u00edcanos is invalid\" aria-invalid=\"false\"  ><\/textarea>\r\n\t\r\n\t\r\n<\/div>\n<div id=\"frm_field_6_container\" class=\"frm_form_field form-field \">\r\n\t<div class=\"frm_submit frm_flex\">\r\n<button class=\"frm_button_submit frm_final_submit\" type=\"submit\"   formnovalidate=\"formnovalidate\">Enviar<\/button>\r\n\r\n\r\n\r\n<\/div>\r\n<\/div>\n\t<input type=\"hidden\" name=\"item_key\" value=\"\" \/>\n\t\t\t<div id=\"frm_field_15_container\">\n\t\t\t<label for=\"field_d28yn\" >\n\t\t\t\tSi eres humano, deja este campo en blanco.\t\t\t<\/label>\n\t\t\t<input  id=\"field_d28yn\" type=\"text\" class=\"frm_form_field form-field frm_verify\" name=\"item_meta[15]\" value=\"\"  \/>\n\t\t<\/div>\n\t\t<input name=\"frm_state\" type=\"hidden\" value=\"VMf8eiTcxT3jv\/sFF02KlzWlqGjgC2oGU4uW\/C5jCfDbhKWazCNEmWIcczTPckiq\" \/><\/div>\n<\/fieldset>\n<\/div>\n\n<\/form>\n<\/div>\n\n<p>[\/et_pb_text][\/et_pb_column][\/et_pb_section][et_pb_section fb_built=\u00bb1&#8243; admin_label=\u00bbMap\u00bb _builder_version=\u00bb4.16&#8243; _module_preset=\u00bbdefault\u00bb custom_padding=\u00bb0px||0px||true|\u00bb global_colors_info=\u00bb{}\u00bb][et_pb_row _builder_version=\u00bb4.16&#8243; _module_preset=\u00bbdefault\u00bb width=\u00bb100%\u00bb max_width=\u00bbnone\u00bb custom_padding=\u00bb0px||0px||true|\u00bb global_colors_info=\u00bb{}\u00bb][et_pb_column type=\u00bb4_4&#8243; _builder_version=\u00bb4.16&#8243; _module_preset=\u00bbdefault\u00bb global_colors_info=\u00bb{}\u00bb][et_pb_code _builder_version=\u00bb4.27.4&#8243; _module_preset=\u00bbdefault\u00bb global_colors_info=\u00bb{}\u00bb]<iframe src=\"https:\/\/www.google.com\/maps\/embed?pb=!1m18!1m12!1m3!1d3163.672976609756!2d2.152644617736461!3d41.39544020610738!2m3!1f0!2f0!3f0!3m2!1i1024!2i768!4f13.1!3m3!1m2!1s0x12a4986927be17c1%3A0x66d6631cfa10a67e!2sInstitut%20Vilat%C3%B3!5e0!3m2!1ses!2ses!4v1739126601174!5m2!1ses!2ses\" width=\"100%\" height=\"450\" style=\"border:0;\" allowfullscreen=\"\" loading=\"lazy\" referrerpolicy=\"no-referrer-when-downgrade\"><\/iframe>[\/et_pb_code][\/et_pb_column][\/et_pb_row][\/et_pb_section]<\/p>\n","protected":false},"excerpt":{"rendered":"<p>Contacta con nosotrosPide CitaPide cita con nosotros f\u00e1cilmente desde este formulario o si lo prefieres puedes llamarnos.Pide cita por WhatsApp639 616 10993 280 53 55info@institutvilato.comPl. de Manuel Corach\u00e1n, 4. 2\u00aa Planta, Despachos 215 y 21708017 Barcelona<div class=\"frm_forms  with_frm_style frm_style_formidable-style\" id=\"frm_form_2_container\" data-token=\"d5e6870d5a73a5a552402e6eca87c2ae\" data-token=\"d5e6870d5a73a5a552402e6eca87c2ae\">\n<form enctype=\"multipart\/form-data\" method=\"post\" class=\"frm-show-form  frm_pro_form \" id=\"form_cita\" data-token=\"d5e6870d5a73a5a552402e6eca87c2ae\" data-token=\"d5e6870d5a73a5a552402e6eca87c2ae\">\n<div class=\"frm_form_fields \">\n<fieldset>\n<legend class=\"frm_screen_reader\">Cita<\/legend>\r\n\r\n<div class=\"frm_fields_container\">\n<input type=\"hidden\" name=\"frm_action\" value=\"create\" \/>\n<input type=\"hidden\" name=\"form_id\" value=\"2\" \/>\n<input type=\"hidden\" name=\"frm_hide_fields_2\" id=\"frm_hide_fields_2\" value=\"\" \/>\n<input type=\"hidden\" name=\"form_key\" value=\"cita\" \/>\n<input type=\"hidden\" name=\"item_meta[0]\" value=\"\" \/>\n<input type=\"hidden\" id=\"frm_submit_entry_2\" name=\"frm_submit_entry_2\" value=\"5a9f0056d4\" \/><input type=\"hidden\" name=\"_wp_http_referer\" value=\"\/es\/wp-json\/wp\/v2\/pages\/493\" \/><div id=\"frm_field_7_container\" class=\"frm_form_field form-field  frm_required_field frm_top_container frm3 frm_first\">\r\n\t<label for=\"field_pep2i\" id=\"field_pep2i_label\" class=\"frm_primary_label\">Nombre\r\n\t\t<span class=\"frm_required\" aria-hidden=\"true\">*<\/span>\r\n\t<\/label>\r\n\t<input  type=\"text\" id=\"field_pep2i\" name=\"item_meta[7]\" value=\"\"  data-reqmsg=\"Nombre cannot be blank.\" aria-required=\"true\" data-invmsg=\"Nombre is invalid\" aria-invalid=\"false\"   \/>\r\n\t\r\n\t\r\n<\/div>\n<div id=\"frm_field_8_container\" class=\"frm_form_field form-field  frm_required_field frm_top_container frm9\">\r\n\t<label for=\"field_t9axo\" id=\"field_t9axo_label\" class=\"frm_primary_label\">Apellidos\r\n\t\t<span class=\"frm_required\" aria-hidden=\"true\">*<\/span>\r\n\t<\/label>\r\n\t<input  type=\"text\" id=\"field_t9axo\" name=\"item_meta[8]\" value=\"\"  data-reqmsg=\"Apellidos cannot be blank.\" aria-required=\"true\" data-invmsg=\"Apellidos is invalid\" aria-invalid=\"false\"   \/>\r\n\t\r\n\t\r\n<\/div>\n<div id=\"frm_field_9_container\" class=\"frm_form_field form-field  frm_required_field frm_top_container\">\r\n\t<label for=\"field_gcbbm\" id=\"field_gcbbm_label\" class=\"frm_primary_label\">Correo electr\u00f3nico\r\n\t\t<span class=\"frm_required\" aria-hidden=\"true\">*<\/span>\r\n\t<\/label>\r\n\t<input type=\"email\" id=\"field_gcbbm\" name=\"item_meta[9]\" value=\"\"  autocomplete=\"email\"  data-reqmsg=\"Correo electr\u00f3nico cannot be blank.\" aria-required=\"true\" data-invmsg=\"Correo electr\u00f3nico is invalid\" aria-invalid=\"false\"  \/>\r\n\t\r\n\t\r\n<\/div>\n<div id=\"frm_field_10_container\" class=\"frm_form_field form-field  frm_required_field frm_top_container\">\r\n\t<label for=\"field_8xxh0\" id=\"field_8xxh0_label\" class=\"frm_primary_label\">Tel\u00e9fono\r\n\t\t<span class=\"frm_required\" aria-hidden=\"true\">*<\/span>\r\n\t<\/label>\r\n\t<input  type=\"text\" id=\"field_8xxh0\" name=\"item_meta[10]\" value=\"\"  data-reqmsg=\"Tel\u00e9fono cannot be blank.\" aria-required=\"true\" data-invmsg=\"Tel\u00e9fono is invalid\" aria-invalid=\"false\"   \/>\r\n\t\r\n\t\r\n<\/div>\n<div id=\"frm_field_11_container\" class=\"frm_form_field form-field  frm_top_container\">\r\n\t<label for=\"field_70fgv\" id=\"field_70fgv_label\" class=\"frm_primary_label\">Quiero que me llam\u00e9is\r\n\t\t<span class=\"frm_required\" aria-hidden=\"true\"><\/span>\r\n\t<\/label>\r\n\t\n<div >\n    <label class=\"frm_switch_block\">\n\t\t\t\t\t<span class=\"frm_off_label frm_switch_opt\">No<\/span>\n\t\t\n\t\t<input type=\"checkbox\" name=\"item_meta[11][]\" id=\"field_70fgv\" value=\"S\u00ed\"\n\t\t\t\t\t\t\t\t\t\tdata-off=\"No\"\n\t\t\t\t\t\t data-invmsg=\"Quiero que me llam\u00e9is no es v\u00e1lido\" aria-invalid=\"false\"  \t\t\/>\n\n\t\t<span class=\"frm_switch\" tabindex=\"0\" role=\"switch\" aria-labelledby=\"field_70fgv_label\" aria-checked=\"false\">\n\t\t\t<span class=\"frm_slider\"><\/span>\n\t\t<\/span>\n\n\t\t\t\t\t<span class=\"frm_on_label frm_switch_opt\">S\u00ed<\/span>\n\t<\/label>\n<\/div>\n\r\n\t\r\n\t\r\n<\/div>\n<div id=\"frm_field_14_container\" class=\"frm_form_field form-field  frm_required_field frm_top_container vertical_radio\">\r\n\t<div  id=\"field_pgees_label\" class=\"frm_primary_label\">\u00bfEn qu\u00e9 horario?\r\n\t\t<span class=\"frm_required\" aria-hidden=\"true\">*<\/span>\r\n\t<\/div>\r\n\t<div class=\"frm_opt_container\" aria-labelledby=\"field_pgees_label\" role=\"radiogroup\" aria-required=\"true\">\t\t<div class=\"frm_radio\" id=\"frm_radio_14-0\">\t\t\t<label  for=\"field_pgees-0\">\n\t\t\t\t\t<input type=\"radio\" name=\"item_meta[14]\" id=\"field_pgees-0\" value=\"Mat\u00ed\"\n\t\t data-reqmsg=\"\u00bfEn qu\u00e9 horario? cannot be blank.\" data-invmsg=\"\u00bfEn qu\u00e9 horario? no es v\u00e1lido\"   \/> Ma\u00f1anas<\/label><\/div>\n\t\t<div class=\"frm_radio\" id=\"frm_radio_14-1\">\t\t\t<label  for=\"field_pgees-1\">\n\t\t\t\t\t<input type=\"radio\" name=\"item_meta[14]\" id=\"field_pgees-1\" value=\"Tarda\"\n\t\t data-reqmsg=\"\u00bfEn qu\u00e9 horario? cannot be blank.\" data-invmsg=\"\u00bfEn qu\u00e9 horario? no es v\u00e1lido\"   \/> Tardes<\/label><\/div>\n\t\t<div class=\"frm_radio\" id=\"frm_radio_14-2\">\t\t\t<label  for=\"field_pgees-2\">\n\t\t\t\t\t<input type=\"radio\" name=\"item_meta[14]\" id=\"field_pgees-2\" value=\"Indiferent\"\n\t\t data-reqmsg=\"\u00bfEn qu\u00e9 horario? cannot be blank.\" data-invmsg=\"\u00bfEn qu\u00e9 horario? no es v\u00e1lido\"   \/> Indiferente<\/label><\/div>\n<\/div>\r\n\t\r\n\t\r\n<\/div>\n<div id=\"frm_field_12_container\" class=\"frm_form_field form-field  frm_top_container vertical_radio\">\r\n\t<div  id=\"field_2eyaa_label\" class=\"frm_primary_label\">\u00bfEn qu\u00e9 tratamientos tienes inter\u00e9s?\r\n\t\t<span class=\"frm_required\" aria-hidden=\"true\"><\/span>\r\n\t<\/div>\r\n\t<div class=\"frm_opt_container\" aria-labelledby=\"field_2eyaa_label\" role=\"group\">\t\t<div class=\"frm_checkbox\" id=\"frm_checkbox_12-0\">\t\t\t<label  for=\"field_2eyaa-0\">\n\t\t\t<input type=\"checkbox\" name=\"item_meta[12][]\" id=\"field_2eyaa-0\" value=\"Ozonoter\u00e0pia\"  data-invmsg=\"\u00bfEn qu\u00e9 tratamientos tienes inter\u00e9s? no es v\u00e1lido\"   \/> Ozonoterapia<\/label><\/div>\n\t\t<div class=\"frm_checkbox\" id=\"frm_checkbox_12-2\">\t\t\t<label  for=\"field_2eyaa-2\">\n\t\t\t<input type=\"checkbox\" name=\"item_meta[12][]\" id=\"field_2eyaa-2\" value=\"Medicina de Fam\u00edlia\"  data-invmsg=\"\u00bfEn qu\u00e9 tratamientos tienes inter\u00e9s? no es v\u00e1lido\"   \/> Medicina de familia<\/label><\/div>\n\t\t<div class=\"frm_checkbox\" id=\"frm_checkbox_12-3\">\t\t\t<label  for=\"field_2eyaa-3\">\n\t\t\t<input type=\"checkbox\" name=\"item_meta[12][]\" id=\"field_2eyaa-3\" value=\"Psicologia\"  data-invmsg=\"\u00bfEn qu\u00e9 tratamientos tienes inter\u00e9s? no es v\u00e1lido\"   \/> Psicolog\u00eda<\/label><\/div>\n\t\t<div class=\"frm_checkbox\" id=\"frm_checkbox_12-1\">\t\t\t<label  for=\"field_2eyaa-1\">\n\t\t\t<input type=\"checkbox\" name=\"item_meta[12][]\" id=\"field_2eyaa-1\" value=\"Nutrici\u00f3\"  data-invmsg=\"\u00bfEn qu\u00e9 tratamientos tienes inter\u00e9s? no es v\u00e1lido\"   \/> Nutrici\u00f3n<\/label><\/div>\n<\/div>\r\n\t\r\n\t\r\n<\/div>\n<div id=\"frm_field_13_container\" class=\"frm_form_field form-field  frm_top_container\">\r\n\t<label for=\"field_mzk98\" id=\"field_mzk98_label\" class=\"frm_primary_label\">Expl\u00edcanos\r\n\t\t<span class=\"frm_required\" aria-hidden=\"true\"><\/span>\r\n\t<\/label>\r\n\t<textarea name=\"item_meta[13]\" id=\"field_mzk98\" rows=\"5\"  placeholder=\"Expl\u00edcanos en qu\u00e9 est\u00e1s interesado\/a\" data-invmsg=\"Expl\u00edcanos is invalid\" aria-invalid=\"false\"  ><\/textarea>\r\n\t\r\n\t\r\n<\/div>\n<div id=\"frm_field_6_container\" class=\"frm_form_field form-field \">\r\n\t<div class=\"frm_submit frm_flex\">\r\n<button class=\"frm_button_submit frm_final_submit\" type=\"submit\"   formnovalidate=\"formnovalidate\">Enviar<\/button>\r\n\r\n\r\n\r\n<\/div>\r\n<\/div>\n\t<input type=\"hidden\" name=\"item_key\" value=\"\" \/>\n\t\t\t<div id=\"frm_field_16_container\">\n\t\t\t<label for=\"field_8fgvq\" >\n\t\t\t\tSi eres humano, deja este campo en blanco.\t\t\t<\/label>\n\t\t\t<input  id=\"field_8fgvq\" type=\"text\" class=\"frm_form_field form-field frm_verify\" name=\"item_meta[16]\" value=\"\"  \/>\n\t\t<\/div>\n\t\t<input name=\"frm_state\" type=\"hidden\" value=\"VMf8eiTcxT3jv\/sFF02KlzWlqGjgC2oGU4uW\/C5jCfA1yW8A9gMpkaNMQhbiSzNR\" \/><\/div>\n<\/fieldset>\n<\/div>\n\n<\/form>\n<\/div>\n<\/p>\n","protected":false},"author":1,"featured_media":0,"parent":0,"menu_order":0,"comment_status":"closed","ping_status":"closed","template":"","meta":{"_acf_changed":false,"_et_pb_use_builder":"on","_et_pb_old_content":"","_et_gb_content_width":"","footnotes":""},"dipi_cpt_category":[],"class_list":["post-493","page","type-page","status-publish","hentry"],"acf":[],"_links":{"self":[{"href":"https:\/\/www.institutvilato.com\/es\/wp-json\/wp\/v2\/pages\/493","targetHints":{"allow":["GET"]}}],"collection":[{"href":"https:\/\/www.institutvilato.com\/es\/wp-json\/wp\/v2\/pages"}],"about":[{"href":"https:\/\/www.institutvilato.com\/es\/wp-json\/wp\/v2\/types\/page"}],"author":[{"embeddable":true,"href":"https:\/\/www.institutvilato.com\/es\/wp-json\/wp\/v2\/users\/1"}],"replies":[{"embeddable":true,"href":"https:\/\/www.institutvilato.com\/es\/wp-json\/wp\/v2\/comments?post=493"}],"version-history":[{"count":4,"href":"https:\/\/www.institutvilato.com\/es\/wp-json\/wp\/v2\/pages\/493\/revisions"}],"predecessor-version":[{"id":614,"href":"https:\/\/www.institutvilato.com\/es\/wp-json\/wp\/v2\/pages\/493\/revisions\/614"}],"wp:attachment":[{"href":"https:\/\/www.institutvilato.com\/es\/wp-json\/wp\/v2\/media?parent=493"}],"wp:term":[{"taxonomy":"dipi_cpt_category","embeddable":true,"href":"https:\/\/www.institutvilato.com\/es\/wp-json\/wp\/v2\/dipi_cpt_category?post=493"}],"curies":[{"name":"wp","href":"https:\/\/api.w.org\/{rel}","templated":true}]}}